{"id":5212,"date":"2021-08-25T07:26:28","date_gmt":"2021-08-25T07:26:28","guid":{"rendered":"http:\/\/dummy.xtemos.com\/woodmart2\/?page_id=5212"},"modified":"2024-09-30T17:53:53","modified_gmt":"2024-09-30T17:53:53","slug":"nosotros","status":"publish","type":"page","link":"https:\/\/irais.com.mx\/index.php\/nosotros\/","title":{"rendered":"Nosotros"},"content":{"rendered":"<div class=\"wpb-content-wrapper\"><p>[vc_row][vc_column]\n\t\t<div id=\"wd-664bacb025ee0\" class=\"title-wrapper wd-wpb set-mb-s reset-last-child  wd-rs-664bacb025ee0 wd-title-color-default wd-title-style-default text-center  wd-underline-colored\">\n\t\t\t\t\t\t\t<div class=\"title-subtitle  subtitle-color-default font-default subtitle-style-default wd-font-weight- wd-fontsize-xs\">IRAIS PUPILENTES<\/div>\n\t\t\t\n\t\t\t<div class=\"liner-continer\">\n\t\t\t\t<h4 class=\"woodmart-title-container title  wd-font-weight- wd-fontsize-l\" >Sobre Nosotros<\/h4>\n\t\t\t\t\t\t\t<\/div>\n\t\t\t\n\t\t\t\n\t\t\t\n\t\t<\/div>\n\t\t\n\t\t\t\t<div id=\"wd-66fae59f22499\" class=\"wd-text-block wd-wpb reset-last-child wd-rs-66fae59f22499 text-left wd-fontsize-custom vc_custom_1727718831883\">\n\t\t\t<div class=\"nosotros-texto\">IRAIS es una marca Mexicana con sede en M\u00e9rida Yucat\u00e1n, contamos con venta en l\u00ednea y hacemos env\u00edos gratis a todo M\u00e9xico por medio de Estafeta Expr\u00e9s.<\/div>\n\t\t<\/div>\n\t\t[vc_raw_html]JTNDZGl2JTIwY2xhc3MlM0QlMjJpbnN0YWdyYW0lMjIlM0UlMEElM0NkaXYlMjBjbGFzcyUzRCUyMmVsZnNpZ2h0LWFwcC01ZjVkMWI5Ny0xOThhLTQ2OTctYTY4My03YWZlZjcwYmNhNzQlMjIlM0UlM0MlMkZkaXYlM0UlMEElM0MlMkZkaXYlM0U=[\/vc_raw_html][\/vc_column][\/vc_row]<\/p>\n<\/div>","protected":false},"excerpt":{"rendered":"<p>[vc_row][vc_column][vc_raw_html]JTNDZGl2JTIwY2xhc3MlM0QlMjJpbnN0YWdyYW0lMjIlM0UlMEElM0NkaXYlMjBjbGFzcyUzRCUyMmVsZnNpZ2h0LWFwcC01ZjVkMWI5Ny0xOThhLTQ2OTctYTY4My03YWZlZjcwYmNhNzQlMjIlM0UlM0MlMkZkaXYlM0UlMEElM0MlMkZkaXYlM0U=[\/vc_raw_html][\/vc_column][\/vc_row]<\/p>\n","protected":false},"author":1,"featured_media":0,"parent":0,"menu_order":0,"comment_status":"closed","ping_status":"closed","template":"","meta":{"footnotes":""},"class_list":["post-5212","page","type-page","status-publish","hentry"],"_links":{"self":[{"href":"https:\/\/irais.com.mx\/index.php\/wp-json\/wp\/v2\/pages\/5212","targetHints":{"allow":["GET"]}}],"collection":[{"href":"https:\/\/irais.com.mx\/index.php\/wp-json\/wp\/v2\/pages"}],"about":[{"href":"https:\/\/irais.com.mx\/index.php\/wp-json\/wp\/v2\/types\/page"}],"author":[{"embeddable":true,"href":"https:\/\/irais.com.mx\/index.php\/wp-json\/wp\/v2\/users\/1"}],"replies":[{"embeddable":true,"href":"https:\/\/irais.com.mx\/index.php\/wp-json\/wp\/v2\/comments?post=5212"}],"version-history":[{"count":14,"href":"https:\/\/irais.com.mx\/index.php\/wp-json\/wp\/v2\/pages\/5212\/revisions"}],"predecessor-version":[{"id":9841,"href":"https:\/\/irais.com.mx\/index.php\/wp-json\/wp\/v2\/pages\/5212\/revisions\/9841"}],"wp:attachment":[{"href":"https:\/\/irais.com.mx\/index.php\/wp-json\/wp\/v2\/media?parent=5212"}],"curies":[{"name":"wp","href":"https:\/\/api.w.org\/{rel}","templated":true}]}}