{"id":9758,"date":"2024-05-20T16:53:43","date_gmt":"2024-05-20T16:53:43","guid":{"rendered":"https:\/\/irais.com.mx\/?page_id=9758"},"modified":"2024-05-20T16:53:43","modified_gmt":"2024-05-20T16:53:43","slug":"aviso-de-privacidad","status":"publish","type":"page","link":"https:\/\/irais.com.mx\/index.php\/aviso-de-privacidad\/","title":{"rendered":"Aviso de Privacidad"},"content":{"rendered":"<div class=\"wpb-content-wrapper\">[vc_row][vc_column][vc_column_text woodmart_inline=&#8221;no&#8221; text_larger=&#8221;no&#8221;]Ante su inquietud de acceder a nuestra p\u00e1gina web, queremos informarle de nuestra Pol\u00edtica de Privacidad actualizada y del destino ofrecido a los datos personales que nos facilita, incluyendo aquellos que recabamos por el hecho de navegar en nuestra web.\r\n\r\nTitular: IRAIS PUPILENTES SA DE CV (en adelante, \u201cIRAIS PUPILENTES\u201d)\r\nDomicilio social: M\u00e9rida Yucat\u00e1n, M\u00e9xico.\r\nE-mail: ventas@irais.com.mx\r\n\r\n1. INFORMACI\u00d3N Y CONSENTIMEINTO\r\n\r\nDe conformidad con lo dispuesto en el Reglamento General UE 679\/2016 de Protecci\u00f3n de Datos (en adelante, \u201cRGPD\u201d) y en la Ley Org\u00e1nica 3\/2018, de 5 de diciembre, de Protecci\u00f3n de Datos y Garant\u00eda de los Derechos Digitales (en adelante, \u201cLOPDGDD\u201d) mediante la aceptaci\u00f3n de la presente Pol\u00edtica de Privacidad el usuario web (en adelante, el \u201cUsuario\u201d) PRESTA SU CONSENTIMIENTO informado, expreso, libre e inequ\u00edvoco para tratar los datos personales recabados a trav\u00e9s del sitio web https:\/\/IRAIS PUPILENTES.com.mx (en adelante, el \u201cSitio Web\u201d) ya sea trav\u00e9s de formularios habilitados al efecto o bien a trav\u00e9s de la informaci\u00f3n recabada por las cookies.\r\n\r\nAsimismo, el Usuario consiente que estos datos sean tratados por IRAIS PUPILENTES para prestar sus servicios aplicando las medidas organizativas y de seguridad requeridas por el RGPD.\r\n\r\nTodos los datos personales solicitados al Usuario en el Sitio Web son obligatorios, no siendo posible prestar cada uno de los servicios sin el correspondiente tratamiento de datos por parte de IRAIS PUPILENTES. Ello no obstante, la navegaci\u00f3n en el Sitio Web es libre y gratuita.\r\n\r\nEl Usuario garantiza que los datos personales facilitados a IRAIS PUPILENTES son ciertos y exactos, por lo que IRAIS PUPILENTES no se har\u00e1 responsable de cualquier incidencia derivada de la inexactitud o falsedad de la informaci\u00f3n proporcionada por los Usuarios, m\u00e1s all\u00e1 de la posibilidad que tiene el Usuario de ejercitar su derecho de rectificaci\u00f3n.\r\n\r\nEn el caso que el Usuario facilite datos de terceras personas, como responsable o encargado del tratamiento, ser\u00e1 responsable de cumplir con toda la normativa de protecci\u00f3n de datos aplicable. Adem\u00e1s, el Usuario garantiza que ha obtenido todos los consentimientos, autorizaciones y\/o aprobaciones legalmente necesarias antes de incluir datos personales de terceros en el Sitio Web.\r\n\r\n2. PROCEDENCIA, FINALIDAD Y BASE JUR\u00cdDICA\r\n\r\nLos datos personales del Usuario, o de terceros, que sean cedidos por el Usuario, ser\u00e1n tratados de forma confidencial y quedar\u00e1n incorporados a la correspondiente actividad de tratamiento de IRAIS PUPILENTES.\r\n\r\n3. DATOS DEL USUARIO\r\n\r\nEl Usuario garantiza que los datos aportados son verdaderos, exactos, completos y actualizados, siendo \u00e9ste responsable de cualquier da\u00f1o o perjuicio, directo o indirecto, que pudiera ocasionarse como consecuencia del incumplimiento de tal obligaci\u00f3n, m\u00e1s all\u00e1 de la posibilidad que tiene el Usuario de ejercitar su derecho de rectificaci\u00f3n.\r\n\r\nEn el caso de que los datos aportados pertenecieran a un tercero, el Usuario garantiza que ha informado a dicho tercero de los aspectos contenidos en este documento y obtenido su autorizaci\u00f3n para facilitar sus datos al responsable para los fines anteriormente se\u00f1alados.\r\n\r\nIRAIS PUPILENTES no puede garantizar la absoluta invulnerabilidad de los sistemas, por tanto, no asume ninguna responsabilidad por los da\u00f1os y perjuicios derivados de alteraciones que terceros puedan causar en los sistemas inform\u00e1ticos, documentos electr\u00f3nicos o ficheros.\r\n\r\n4. POL\u00cdTICA DE COOKIES\r\n\r\nDe conformidad con lo dispuesto por el RGPD y la Ley 34\/2002, de Servicios de la Sociedad de la Informaci\u00f3n, todos los datos de car\u00e1cter personal obtenidos mediante las cookies durante la utilizaci\u00f3n del Sitio Web ser\u00e1n tratados de conformidad con los dispuesto en la Pol\u00edtica de Cookies.\r\n\r\n5. ESTAMPACI\u00d3N DE ARCHIVOS A BLOCKCHAIN A TRAV\u00c9S DEL SITIO WEB\r\n\r\nEl Sitio Web ofrece una soluci\u00f3n a los Usuarios para estampar archivos en la \u201ccadena de bloques\u201d\/blockchain de Ethereum, Bitcoin y Litecoin mediante el cifrado y sistema de hash de los mismos. Este servicio no tendr\u00e1, en ning\u00fan caso, la consideraci\u00f3n de comunicaciones de datos a dichas blockchain, debido a la imposibilidad de descifrar los mismos y adquiriendo, de dicho modo, la consideraci\u00f3n de datos anonimizados.\r\n\r\nDichos archivos, no obstante, ser\u00e1n conservados de forma pseudonimizada por CYSAE durante un periodo de un a\u00f1o con la \u00fanica finalidad de permitir al Usuario recibir dicho archivo para comprobar que sigue inalterado en las referidas blockchain.\r\n\r\n6. EJERCICIO DE DERECHOS\r\n\r\nDe conformidad con lo dispuesto en el RGPD, le informamos que puede ejercer sus derechos de acceso, rectificaci\u00f3n, supresi\u00f3n, oposici\u00f3n, portabilidad de los datos y limitaci\u00f3n del tratamiento directamente ante CYSAE.\r\n\r\nPara facilitar el ejercicio de dichos derechos, el Usuario podr\u00e1 acceder online al siguiente formulario de ejercicio de derechos, debiendo atenderse la solicitud en el plazo m\u00e1ximo de un (1) mes desde la recepci\u00f3n del formulario, o bien podr\u00e1 enviar un mensaje al efecto, indicando nombre, apellidos, email, n\u00famero de DNI o pasaporte, a la siguiente direcci\u00f3n de correo electr\u00f3nico: ventas@IRAIS PUPILENTES.com.mx El Usuario tambi\u00e9n podr\u00e1 ejercer sus derechos mediante la presentaci\u00f3n de una reclamaci\u00f3n ante la Agencia Espa\u00f1ola de Protecci\u00f3n de Datos.\r\n\r\n7. ACEPTACI\u00d3N DE LA POL\u00cdTICA DE PRIVACIDAD\r\n\r\nEl Usuario RECONOCE Y ACEPTA HABER LE\u00cdDO Y COMPRENDIDO la presente Pol\u00edtica de Privacidad cuyo contenido constituye la totalidad del acuerdo entre el Usuario y CYSAE con respecto al uso y tratamiento de su informaci\u00f3n personal.\r\n\r\nEl Usuario expresamente acepta obligarse en los t\u00e9rminos de la presente Pol\u00edtica de Privacidad, en toda su extensi\u00f3n y alcance, sin exceptuar cualquiera de sus disposiciones.\r\n\r\n\u00a9 2024 IRAIS PUPILENTES SA DE CV. Todos los derechos reservados.[\/vc_column_text][\/vc_column][\/vc_row]<\/div>","protected":false},"excerpt":{"rendered":"<p>[vc_row][vc_column][vc_column_text woodmart_inline=&#8221;no&#8221; text_larger=&#8221;no&#8221;]Ante su inquietud de acceder a nuestra p\u00e1gina web, queremos informarle de nuestra Pol\u00edtica de Privacidad actualizada y<\/p>\n","protected":false},"author":1,"featured_media":0,"parent":0,"menu_order":0,"comment_status":"closed","ping_status":"closed","template":"","meta":{"footnotes":""},"class_list":["post-9758","page","type-page","status-publish","hentry"],"_links":{"self":[{"href":"https:\/\/irais.com.mx\/index.php\/wp-json\/wp\/v2\/pages\/9758","targetHints":{"allow":["GET"]}}],"collection":[{"href":"https:\/\/irais.com.mx\/index.php\/wp-json\/wp\/v2\/pages"}],"about":[{"href":"https:\/\/irais.com.mx\/index.php\/wp-json\/wp\/v2\/types\/page"}],"author":[{"embeddable":true,"href":"https:\/\/irais.com.mx\/index.php\/wp-json\/wp\/v2\/users\/1"}],"replies":[{"embeddable":true,"href":"https:\/\/irais.com.mx\/index.php\/wp-json\/wp\/v2\/comments?post=9758"}],"version-history":[{"count":1,"href":"https:\/\/irais.com.mx\/index.php\/wp-json\/wp\/v2\/pages\/9758\/revisions"}],"predecessor-version":[{"id":9759,"href":"https:\/\/irais.com.mx\/index.php\/wp-json\/wp\/v2\/pages\/9758\/revisions\/9759"}],"wp:attachment":[{"href":"https:\/\/irais.com.mx\/index.php\/wp-json\/wp\/v2\/media?parent=9758"}],"curies":[{"name":"wp","href":"https:\/\/api.w.org\/{rel}","templated":true}]}}