{"id":9760,"date":"2024-05-20T16:59:46","date_gmt":"2024-05-20T16:59:46","guid":{"rendered":"https:\/\/irais.com.mx\/?page_id=9760"},"modified":"2024-05-20T17:05:30","modified_gmt":"2024-05-20T17:05:30","slug":"politicas-de-envio","status":"publish","type":"page","link":"https:\/\/irais.com.mx\/index.php\/politicas-de-envio\/","title":{"rendered":"Pol\u00edticas de env\u00edo"},"content":{"rendered":"<div class=\"wpb-content-wrapper\"><p>[vc_row][vc_column][vc_column_text woodmart_inline=&#8221;no&#8221; text_larger=&#8221;no&#8221;]<\/p>\r\n<p><strong>\u00bfCuentan con tienda f\u00edsica?<\/strong><\/p>\r\n<p>Por el momento solo manejamos venta en l\u00ednea con entrega a domicilio por medio de estafeta expr\u00e9s.<\/p>\r\n<p><strong>\u00bfA que destinos env\u00eda IRAIS?<\/strong><\/p>\r\n<p>Enviamos pedidos a cualquier destino dentro del pa\u00eds.<\/p>\r\n<p><strong>\u00bfCu\u00e1nto se tarda el env\u00edo en llegar?<\/strong><\/p>\r\n<p>Como norma general, hacemos corte de env\u00edos de Lunes a Viernes a las 3:00pm, los pedidos que se confirmen antes de la hora de corte, se env\u00edan ese mismo d\u00eda, los pedidos que se confirmen despu\u00e9s de la hora de corte, se env\u00edan al siguiente d\u00eda. Los env\u00edos los realizamos con Estafeta Express con n\u00famero de seguimiento y c\u00f3digo de rastreo. El env\u00edo tarda de 1 a 2 d\u00edas h\u00e1biles m\u00e1ximo en llegar a tu domicilio.<\/p>\r\n<p><strong>\u00bfCon que paqueter\u00edas trabajan?<\/strong><\/p>\r\n<p>Todos los pedidos de IRAIS son enviados a trav\u00e9s de la paqueter\u00eda Estafeta con servicio Express.<\/p>\r\n<p><strong>\u00bfTiene alg\u00fan costo el env\u00edo?<\/strong><\/p>\r\n<p>En la compra de 2 o m\u00e1s pares de pupilentes el env\u00edo es completamente gratis. En caso de adquirir un solo par, el costo de env\u00edo es de $145 pesos.<\/p>\r\n<p><strong>\u00bfC\u00f3mo rastreo mi pedido?<\/strong><\/p>\r\n<p>Una vez que tu pedido haya sido entregado al servicio de paqueter\u00eda, te enviaremos un correo con tu clave de rastreo. Puedes rastrear tu pedido en la siguiente liga:<\/p>\r\n<p>Estafeta<br \/><a href=\"https:\/\/www.estafeta.com\/Herramientas\/Rastreo\" target=\"_blank\" rel=\"noreferrer noopener\">https:\/\/www.estafeta.com\/Herramientas\/Rastreo<\/a><\/p>\r\n<p>[\/vc_column_text][\/vc_column][\/vc_row]<\/p><\/div>","protected":false},"excerpt":{"rendered":"<p>[vc_row][vc_column][vc_column_text woodmart_inline=&#8221;no&#8221; text_larger=&#8221;no&#8221;] \u00bfCuentan con tienda f\u00edsica? Por el momento solo manejamos venta en l\u00ednea con entrega a domicilio por<\/p>\n","protected":false},"author":1,"featured_media":0,"parent":0,"menu_order":0,"comment_status":"closed","ping_status":"closed","template":"","meta":{"footnotes":""},"class_list":["post-9760","page","type-page","status-publish","hentry"],"_links":{"self":[{"href":"https:\/\/irais.com.mx\/index.php\/wp-json\/wp\/v2\/pages\/9760","targetHints":{"allow":["GET"]}}],"collection":[{"href":"https:\/\/irais.com.mx\/index.php\/wp-json\/wp\/v2\/pages"}],"about":[{"href":"https:\/\/irais.com.mx\/index.php\/wp-json\/wp\/v2\/types\/page"}],"author":[{"embeddable":true,"href":"https:\/\/irais.com.mx\/index.php\/wp-json\/wp\/v2\/users\/1"}],"replies":[{"embeddable":true,"href":"https:\/\/irais.com.mx\/index.php\/wp-json\/wp\/v2\/comments?post=9760"}],"version-history":[{"count":2,"href":"https:\/\/irais.com.mx\/index.php\/wp-json\/wp\/v2\/pages\/9760\/revisions"}],"predecessor-version":[{"id":9762,"href":"https:\/\/irais.com.mx\/index.php\/wp-json\/wp\/v2\/pages\/9760\/revisions\/9762"}],"wp:attachment":[{"href":"https:\/\/irais.com.mx\/index.php\/wp-json\/wp\/v2\/media?parent=9760"}],"curies":[{"name":"wp","href":"https:\/\/api.w.org\/{rel}","templated":true}]}}