{"id":9763,"date":"2024-05-20T17:07:51","date_gmt":"2024-05-20T17:07:51","guid":{"rendered":"https:\/\/irais.com.mx\/?page_id=9763"},"modified":"2024-05-20T17:07:51","modified_gmt":"2024-05-20T17:07:51","slug":"politicas-de-pago","status":"publish","type":"page","link":"https:\/\/irais.com.mx\/index.php\/politicas-de-pago\/","title":{"rendered":"Pol\u00edticas de Pago"},"content":{"rendered":"<div class=\"wpb-content-wrapper\">[vc_row][vc_column][vc_column_text woodmart_inline=&#8221;no&#8221; text_larger=&#8221;no&#8221;]<strong>\u00bfQu\u00e9 m\u00e9todos de pago aceptan?<\/strong>\r\n\r\nActualmente aceptamos pagos v\u00eda Dep\u00f3sito Bancario, Transferencia Bancaria, pagos con tarjeta de cr\u00e9dito y d\u00e9bito (Visa, MasterCard, American Express) a trav\u00e9s de Mercado Pago y Paypal.\r\n\r\nLos dep\u00f3sitos bancarios los puedes realizar en cualquiera de los siguientes corresponsales Santander: Oxxo, 7 Eleven, Walmart, Farmacias Guadalajara, Farmacias del Ahorro, Extra, Circulo K, Soriana, Mega, Chedrahui, La Comer, City Market, Fresko, Sumesa, Del Sol.\r\n\r\n<strong>\u00bfEs seguro para m\u00ed usar mi tarjeta de d\u00e9bito o cr\u00e9dito para pagos en l\u00ednea?<\/strong>\r\n\r\nTus datos bancarios est\u00e1n protegidos ya que todos los pagos se procesan a trav\u00e9s del sistema de Mercado Pago, plataforma de pagos en l\u00ednea a trav\u00e9s de la cual se realizan las transacciones. Mercado Pago, tiene la certificaci\u00f3n de Conformidad Nivel 1 con las normas de PCI (Peripheral Component Interconnect) y medidas antifraude. Adem\u00e1s, nuestra p\u00e1gina web est\u00e1 protegida por un certificado de seguridad de validaci\u00f3n extendida, certificado que ofrece el mayor grado de autenticaci\u00f3n y protecci\u00f3n SSL (Secure Sockets Layer)..[\/vc_column_text][\/vc_column][\/vc_row]<\/div>","protected":false},"excerpt":{"rendered":"<p>[vc_row][vc_column][vc_column_text woodmart_inline=&#8221;no&#8221; text_larger=&#8221;no&#8221;]\u00bfQu\u00e9 m\u00e9todos de pago aceptan? Actualmente aceptamos pagos v\u00eda Dep\u00f3sito Bancario, Transferencia Bancaria, pagos con tarjeta de cr\u00e9dito<\/p>\n","protected":false},"author":1,"featured_media":0,"parent":0,"menu_order":0,"comment_status":"closed","ping_status":"closed","template":"","meta":{"footnotes":""},"class_list":["post-9763","page","type-page","status-publish","hentry"],"_links":{"self":[{"href":"https:\/\/irais.com.mx\/index.php\/wp-json\/wp\/v2\/pages\/9763","targetHints":{"allow":["GET"]}}],"collection":[{"href":"https:\/\/irais.com.mx\/index.php\/wp-json\/wp\/v2\/pages"}],"about":[{"href":"https:\/\/irais.com.mx\/index.php\/wp-json\/wp\/v2\/types\/page"}],"author":[{"embeddable":true,"href":"https:\/\/irais.com.mx\/index.php\/wp-json\/wp\/v2\/users\/1"}],"replies":[{"embeddable":true,"href":"https:\/\/irais.com.mx\/index.php\/wp-json\/wp\/v2\/comments?post=9763"}],"version-history":[{"count":1,"href":"https:\/\/irais.com.mx\/index.php\/wp-json\/wp\/v2\/pages\/9763\/revisions"}],"predecessor-version":[{"id":9764,"href":"https:\/\/irais.com.mx\/index.php\/wp-json\/wp\/v2\/pages\/9763\/revisions\/9764"}],"wp:attachment":[{"href":"https:\/\/irais.com.mx\/index.php\/wp-json\/wp\/v2\/media?parent=9763"}],"curies":[{"name":"wp","href":"https:\/\/api.w.org\/{rel}","templated":true}]}}